{"id":784,"date":"2025-06-18T18:41:33","date_gmt":"2025-06-18T18:41:33","guid":{"rendered":"https:\/\/lastark.org\/?page_id=784"},"modified":"2025-07-31T23:23:55","modified_gmt":"2025-07-31T23:23:55","slug":"getinvolved","status":"publish","type":"page","link":"https:\/\/lastark.org\/es\/getinvolved\/","title":{"rendered":"getinvolved"},"content":{"rendered":"<div data-elementor-type=\"wp-page\" data-elementor-id=\"784\" class=\"elementor elementor-784\">\n\t\t\t\t<div class=\"elementor-element elementor-element-f197b10 e-con-full e-flex e-con e-parent\" data-id=\"f197b10\" data-element_type=\"container\" data-e-type=\"container\">\n\t\t<div class=\"elementor-element elementor-element-0f1ae97 e-con-full e-flex e-con e-child\" data-id=\"0f1ae97\" data-element_type=\"container\" data-e-type=\"container\">\n\t\t\t\t<div class=\"elementor-element elementor-element-8278533 elementor-widget elementor-widget-html\" data-id=\"8278533\" data-element_type=\"widget\" data-e-type=\"widget\" data-widget_type=\"html.default\">\n\t\t\t\t<div class=\"elementor-widget-container\">\n\t\t\t\t\t<!DOCTYPE html>\r\n<html lang=\"en\">\r\n<head>\r\n  <meta charset=\"UTF-8\">\r\n  <meta name=\"viewport\" content=\"width=device-width, initial-scale=1.0\">\r\n  <title>Mega Menu<\/title>\r\n  <style>\r\n    body {\r\n      margin: 0;\r\n      font-family: 'Gothic A1', sans-serif;\r\n      color: #02193E;\r\n      background-color: #fff;\r\n    }\r\n    header {\r\n      display: flex;\r\n      justify-content: space-between;\r\n      align-items: center;\r\n      padding: 10px 20px;\r\n      background: #FFFFFF;\r\n      position: relative;\r\n      height: 70px;\r\n      z-index: 1000;\r\n    }\r\n    .logo img {\r\n      height: 50px;\r\n      cursor: pointer;\r\n    }\r\n    nav {\r\n      display: flex;\r\n      gap: 20px;\r\n      align-items: center;\r\n      justify-content: center;\r\n      flex: 1;\r\n    }\r\n    nav a {\r\n      text-decoration: none;\r\n      color: #02193E;\r\n      font-weight: bold;\r\n      position: relative;\r\n    }\r\n    .donate-button {\r\n      background-color: #3894FF;\r\n      color: white;\r\n      border: none;\r\n      padding: 10px 20px;\r\n      border-radius: 25px;\r\n      cursor: pointer;\r\n      transition: background 0.3s;\r\n    }\r\n    .donate-button:hover {\r\n      background-color: #02193E;\r\n      color: white;\r\n    }\r\n    .submenu {\r\n      display: none;\r\n      position: fixed;\r\n      top: 70px;\r\n      left: 0;\r\n      width: 100%;\r\n      background-color: #02193E;\r\n      padding: 20px;\r\n      box-sizing: border-box;\r\n      flex-wrap: wrap;\r\n      justify-content: center;\r\n      gap: 20px;\r\n      transform: translateY(20px);\r\n      transition: opacity 0.4s ease, transform 0.4s ease;\r\n      z-index: 999;\r\n      flex-direction: row;\r\n    }\r\n    .submenu-card {\r\n      background: white;\r\n      border-radius: 15px;\r\n      padding: 10px;\r\n      width: 200px;\r\n      text-align: center;\r\n      color: #02193E;\r\n    }\r\n    .submenu-card img {\r\n      width: 100%;\r\n      border-radius: 10px;\r\n      margin-top: 10px;\r\n    }\r\n    .submenu-card a {\r\n      text-decoration: none;\r\n      color: #02193E;\r\n      display: block;\r\n    }\r\n    .menu-item {\r\n      position: relative;\r\n    }\r\n    .menu-item.active .submenu {\r\n      display: flex;\r\n      opacity: 1;\r\n      transform: translateY(0);\r\n    }\r\n    nav:hover .submenu {\r\n      display: none;\r\n    }\r\n    nav .menu-item:hover ~ .menu-item .submenu {\r\n      display: none;\r\n    }\r\n    .hamburger {\r\n      display: none;\r\n      flex-direction: column;\r\n      gap: 5px;\r\n      cursor: pointer;\r\n    }\r\n    .hamburger div {\r\n      width: 25px;\r\n      height: 3px;\r\n      background-color: #02193E;\r\n    }\r\n    .mobile-menu {\r\n      display: none;\r\n      flex-direction: column;\r\n      background-color: #3894FF;\r\n      position: absolute;\r\n      top: 70px;\r\n      left: 0;\r\n      width: 100%;\r\n      z-index: 999;\r\n      padding: 20px;\r\n    }\r\n    .mobile-menu a {\r\n      color: #02193E;\r\n      padding: 10px 0;\r\n      text-decoration: none;\r\n    }\r\n    .mobile-menu .close {\r\n      margin-top: 20px;\r\n      color: #02193E;\r\n      cursor: pointer;\r\n    }\r\n    @media (max-width: 768px) {\r\n      nav {\r\n        display: none;\r\n      }\r\n      .hamburger {\r\n        display: flex;\r\n      }\r\n    }\r\n  <\/style>\r\n<\/head>\r\n<body>\r\n  <header>\r\n    <div class=\"logo\">\r\n      <a href=\"\/es\/\"><img decoding=\"async\" src=\"https:\/\/lastark.org\/wp-content\/uploads\/2025\/06\/Logo_Last-Ark_color_3.png\" alt=\"Logo\"><\/a>\r\n    <\/div>\r\n    <nav id=\"mainNav\">\r\n      <a href=\"\/es\/\"> <\/a>\r\n      <div class=\"menu-item\">\r\n        <a href=\"https:\/\/lastark.org\/es\/Us\/\" onmouseenter=\"showMenu(this)\">Nosotros<\/a>\r\n        <div class=\"submenu\">\r\n          <div class=\"submenu-card\">\r\n            <a href=\"\/es\/us\/\"><h4>Nosotros<\/h4><img decoding=\"async\" src=\"https:\/\/lastark.org\/wp-content\/uploads\/2025\/06\/backgound_ark_wit-dots_rezised-2.png\" alt=\"Us\"><\/a>\r\n          <\/div>\r\n        <\/div>\r\n      <\/div>\r\n      <div class=\"menu-item\">\r\n        <a href=\"https:\/\/lastark.org\/es\/identity\/\" onmouseenter=\"showMenu(this)\">Identidad<\/a>\r\n        <div class=\"submenu\">\r\n          <div class=\"submenu-card\"><a href=\"https:\/\/lastark.org\/es\/identity\/\"><h4>Una familia hecha a imagen y semejanza de Dios<\/h4><img decoding=\"async\" src=\"https:\/\/lastark.org\/wp-content\/uploads\/2025\/06\/02_id_fam_small.jpg\"><\/a><\/div>\r\n          <div class=\"submenu-card\"><a href=\"https:\/\/lastark.org\/es\/identity\/\"><h4>Comuni\u00f3n y culto<\/h4><img decoding=\"async\" src=\"https:\/\/lastark.org\/wp-content\/uploads\/2025\/06\/04_serv_02_small.jpg\"><\/a><\/div>\r\n          <div class=\"submenu-card\"><a href=\"https:\/\/lastark.org\/es\/identity\/\"><h4>Naturaleza<\/h4><img decoding=\"async\" src=\"https:\/\/lastark.org\/wp-content\/uploads\/2025\/06\/03_harm_02_small.jpg\"><\/a><\/div>\r\n          <div class=\"submenu-card\"><a href=\"https:\/\/lastark.org\/es\/identity\/\"><h4>Verdadera educaci\u00f3n<\/h4><img decoding=\"async\" src=\"https:\/\/lastark.org\/wp-content\/uploads\/2025\/06\/01_id_3_true-3.jpg\"><\/a><\/div>\r\n        <\/div>\r\n      <\/div>\r\n      <div class=\"menu-item\">\r\n        <a href=\"https:\/\/lastark.org\/es\/harmony\/\" onmouseenter=\"showMenu(this)\">Armon\u00eda<\/a>\r\n        \r\n        <div class=\"submenu\">\r\n          <div class=\"submenu-card\"><a href=\"https:\/\/lastark.org\/es\/harmony\/\"><h4>Salud f\u00edsica<\/h4><img decoding=\"async\" src=\"https:\/\/lastark.org\/wp-content\/uploads\/2025\/06\/03_harm_01_small-2.jpg\"><\/a><\/div>\r\n          <div class=\"submenu-card\"><a href=\"https:\/\/lastark.org\/es\/harmony\/\"><h4>Salud mental<\/h4><img decoding=\"async\" src=\"https:\/\/lastark.org\/wp-content\/uploads\/2025\/06\/03_harm_03_small.jpg\"><\/a><\/div>\r\n          <div class=\"submenu-card\"><a href=\"https:\/\/lastark.org\/es\/harmony\/\"><h4>Salud sociofamiliar<\/h4><img decoding=\"async\" src=\"https:\/\/lastark.org\/wp-content\/uploads\/2025\/06\/02_har_3_fam_small-2.jpg\"><\/a><\/div>\r\n          <div class=\"submenu-card\"><a href=\"https:\/\/lastark.org\/es\/harmony\/\"><h4>Salud espiritual<\/h4><img decoding=\"async\" src=\"https:\/\/lastark.org\/wp-content\/uploads\/2025\/06\/04_serv_02_small.jpg\"><\/a><\/div>\r\n        <\/div>\r\n      <\/div>\r\n      <div class=\"menu-item\">\r\n        <a href=\"https:\/\/lastark.org\/es\/service\/\" onmouseenter=\"showMenu(this)\">Servicio<\/a>\r\n        <div class=\"submenu\">\r\n          <div class=\"submenu-card\"><a href=\"https:\/\/lastark.org\/es\/service\/\"><h4>Altruismo<\/h4><img decoding=\"async\" src=\"https:\/\/lastark.org\/wp-content\/uploads\/2025\/06\/03_serv_1_small.jpg\"><\/a><\/div>\r\n          <div class=\"submenu-card\"><a href=\"https:\/\/lastark.org\/es\/service\/\"><h4>Administraci\u00f3n<\/h4><img decoding=\"async\" src=\"https:\/\/lastark.org\/wp-content\/uploads\/2025\/06\/03_serv_3_admin_small-1.jpg\"><\/a><\/div>\r\n          <div class=\"submenu-card\"><a href=\"https:\/\/lastark.org\/es\/service\/\"><h4>Generador de ingresos<\/h4><img decoding=\"async\" src=\"https:\/\/lastark.org\/wp-content\/uploads\/2025\/06\/03_serv_4_ingre_small-2.jpg\"><\/a><\/div>\r\n          <div class=\"submenu-card\"><a href=\"https:\/\/lastark.org\/es\/service\/\"><h4>Discipulado<\/h4><img decoding=\"async\" src=\"https:\/\/lastark.org\/wp-content\/uploads\/2025\/06\/03_serv_2_disc_small-3.jpg\"><\/a><\/div>\r\n        <\/div>\r\n      <\/div>\r\n      <div class=\"menu-item\">\r\n        <a href=\"https:\/\/lastark.org\/es\/getinvolved\/\" onmouseenter=\"showMenu(this)\">Involucrarse<\/a>\r\n        <div class=\"submenu\">\r\n          <div class=\"submenu-card\"><a href=\"https:\/\/lastark.org\/es\/getinvolved\/\"><h4>\u00danete al programa &quot;La \u00daltima Arca&quot;<\/h4><img decoding=\"async\" src=\"https:\/\/lastark.org\/wp-content\/uploads\/2025\/07\/login.jpg\"><\/a><\/div>\r\n          <div class=\"submenu-card\"><a href=\"https:\/\/lastark.org\/es\/getinvolved\/\"><h4>Convi\u00e9rtete en facilitador<\/h4><img decoding=\"async\" src=\"https:\/\/lastark.org\/wp-content\/uploads\/2025\/07\/05_get_facil_small.jpg\"><\/a><\/div>\r\n          <div class=\"submenu-card\"><a href=\"https:\/\/lastark.org\/es\/getinvolved\/\"><h4>Inicie un ministerio familiar<\/h4><img decoding=\"async\" src=\"https:\/\/lastark.org\/wp-content\/uploads\/2025\/06\/02_id_fam_small.jpg\"><\/a><\/div>\r\n          <div class=\"submenu-card\"><a href=\"https:\/\/lastark.org\/es\/getinvolved\/\"><h4>Eventos<\/h4><img decoding=\"async\" src=\"https:\/\/lastark.org\/wp-content\/uploads\/2025\/07\/05_get_events_small.jpg\"><\/a><\/div>\r\n        <\/div>\r\n      <\/div>\r\n      <a href=\"https:\/\/www.paypal.com\/donate\/?hosted_button_id=S8U68TG7UNKR6\" class=\"donate-button\">Donar<\/a>\r\n    <\/nav>\r\n    <div class=\"hamburger\" onclick=\"toggleMenu()\">\r\n      <div><\/div>\r\n      <div><\/div>\r\n      <div><\/div>\r\n    <\/div>\r\n  <\/header>\r\n  <div class=\"mobile-menu\" id=\"mobileMenu\">\r\n    <a href=\"\/es\/\">Hogar<\/a>\r\n    <a href=\"\/es\/us\/\">Nosotros<\/a>\r\n    <a href=\"\/es\/identity\/\">Identidad<\/a>\r\n    <a href=\"\/es\/harmony\/\">Armon\u00eda<\/a>\r\n    <a href=\"\/es\/service\/\">Servicio<\/a>\r\n    <a href=\"\/es\/getinvolved\/\">Involucrarse<\/a>\r\n    <a href=\"https:\/\/www.paypal.com\/donate\/?hosted_button_id=S8U68TG7UNKR6\">Donar<\/a>\r\n    <div class=\"close\" onclick=\"toggleMenu()\">inc\u00f3gnita<\/div>\r\n  <\/div>\r\n  <script>\r\n    function toggleMenu() {\r\n      const menu = document.getElementById('mobileMenu');\r\n      menu.style.display = (menu.style.display === 'flex') ? 'none' : 'flex';\r\n    }\r\n\r\n    let activeMenu = null;\r\n    const nav = document.getElementById('mainNav');\r\n    const menuItems = nav.querySelectorAll('.menu-item');\r\n\r\n    function showMenu(link) {\r\n      menuItems.forEach(item => item.classList.remove('active'));\r\n      const item = link.parentElement;\r\n      item.classList.add('active');\r\n    }\r\n\r\n    nav.addEventListener('mouseleave', () => {\r\n      menuItems.forEach(item => item.classList.remove('active'));\r\n    });\r\n  <\/script>\r\n<\/body>\r\n<\/html>\r\n\t\t\t\t<\/div>\n\t\t\t\t<\/div>\n\t\t<div class=\"elementor-element elementor-element-e3d070d e-con-full e-flex e-con e-child\" data-id=\"e3d070d\" data-element_type=\"container\" data-e-type=\"container\" data-settings=\"{&quot;background_background&quot;:&quot;classic&quot;,&quot;shape_divider_bottom&quot;:&quot;mountains&quot;}\">\n\t\t\t\t<div class=\"elementor-shape elementor-shape-bottom\" aria-hidden=\"true\" data-negative=\"false\">\n\t\t\t<svg xmlns=\"http:\/\/www.w3.org\/2000\/svg\" viewbox=\"0 0 1000 100\" preserveaspectratio=\"none\">\n\t<path class=\"elementor-shape-fill\" opacity=\"0.33\" d=\"M473,67.3c-203.9,88.3-263.1-34-320.3,0C66,119.1,0,59.7,0,59.7V0h1000v59.7 c0,0-62.1,26.1-94.9,29.3c-32.8,3.3-62.8-12.3-75.8-22.1C806,49.6,745.3,8.7,694.9,4.7S492.4,59,473,67.3z\"\/>\n\t<path class=\"elementor-shape-fill\" opacity=\"0.66\" d=\"M734,67.3c-45.5,0-77.2-23.2-129.1-39.1c-28.6-8.7-150.3-10.1-254,39.1 s-91.7-34.4-149.2,0C115.7,118.3,0,39.8,0,39.8V0h1000v36.5c0,0-28.2-18.5-92.1-18.5C810.2,18.1,775.7,67.3,734,67.3z\"\/>\n\t<path class=\"elementor-shape-fill\" d=\"M766.1,28.9c-200-57.5-266,65.5-395.1,19.5C242,1.8,242,5.4,184.8,20.6C128,35.8,132.3,44.9,89.9,52.5C28.6,63.7,0,0,0,0 h1000c0,0-9.9,40.9-83.6,48.1S829.6,47,766.1,28.9z\"\/>\n<\/svg>\t\t<\/div>\n\t\t<div class=\"elementor-element elementor-element-277dca8 e-con-full e-flex e-con e-child\" data-id=\"277dca8\" data-element_type=\"container\" data-e-type=\"container\">\n\t\t\t\t<div class=\"elementor-element elementor-element-576cf72 elementor-widget elementor-widget-image\" data-id=\"576cf72\" data-element_type=\"widget\" data-e-type=\"widget\" data-widget_type=\"image.default\">\n\t\t\t\t<div class=\"elementor-widget-container\">\n\t\t\t\t\t\t\t\t\t\t\t\t\t\t\t<img decoding=\"async\" width=\"300\" height=\"140\" src=\"https:\/\/lastark.org\/wp-content\/uploads\/2025\/06\/Logo_Last-Ark-1-300x140.png\" class=\"attachment-medium size-medium wp-image-300\" alt=\"\" srcset=\"https:\/\/lastark.org\/wp-content\/uploads\/2025\/06\/Logo_Last-Ark-1-300x140.png 300w, https:\/\/lastark.org\/wp-content\/uploads\/2025\/06\/Logo_Last-Ark-1-768x359.png 768w, https:\/\/lastark.org\/wp-content\/uploads\/2025\/06\/Logo_Last-Ark-1.png 891w\" sizes=\"(max-width: 300px) 100vw, 300px\" \/>\t\t\t\t\t\t\t\t\t\t\t\t\t\t\t<\/div>\n\t\t\t\t<\/div>\n\t\t\t\t<div class=\"elementor-element elementor-element-6114402 elementor-widget elementor-widget-heading\" data-id=\"6114402\" data-element_type=\"widget\" data-e-type=\"widget\" data-widget_type=\"heading.default\">\n\t\t\t\t<div class=\"elementor-widget-container\">\n\t\t\t\t\t<h2 class=\"elementor-heading-title elementor-size-default\">Involucrarse<\/h2>\t\t\t\t<\/div>\n\t\t\t\t<\/div>\n\t\t\t\t<\/div>\n\t\t\t\t<\/div>\n\t\t\t\t<\/div>\n\t\t\t\t<\/div>\n\t\t<div class=\"elementor-element elementor-element-7923b0a e-grid e-con-full e-con e-parent\" data-id=\"7923b0a\" data-element_type=\"container\" data-e-type=\"container\">\n\t\t\t\t<div class=\"elementor-element elementor-element-8bc64c5 elementor-position-top elementor-widget elementor-widget-image-box\" data-id=\"8bc64c5\" data-element_type=\"widget\" data-e-type=\"widget\" data-widget_type=\"image-box.default\">\n\t\t\t\t<div class=\"elementor-widget-container\">\n\t\t\t\t\t<div class=\"elementor-image-box-wrapper\"><figure class=\"elementor-image-box-img\"><a href=\"https:\/\/bit.ly\/LastArkInfo\" tabindex=\"-1\"><img fetchpriority=\"high\" decoding=\"async\" width=\"880\" height=\"595\" src=\"https:\/\/lastark.org\/wp-content\/uploads\/2025\/07\/login.jpg\" class=\"elementor-animation-wobble-horizontal attachment-full size-full wp-image-1249\" alt=\"\" srcset=\"https:\/\/lastark.org\/wp-content\/uploads\/2025\/07\/login.jpg 880w, https:\/\/lastark.org\/wp-content\/uploads\/2025\/07\/login-300x203.jpg 300w, https:\/\/lastark.org\/wp-content\/uploads\/2025\/07\/login-768x519.jpg 768w\" sizes=\"(max-width: 880px) 100vw, 880px\" \/><\/a><\/figure><div class=\"elementor-image-box-content\"><h3 class=\"elementor-image-box-title\"><a href=\"https:\/\/bit.ly\/LastArkInfo\">\u00danete al programa \u201c\u00daltima Arca\u201d<\/a><\/h3><p class=\"elementor-image-box-description\">Para participar en el programa en l\u00ednea \u201c\u00daltima Arca\u201d, reg\u00edstrese para ser uno de los primeros en recibir una notificaci\u00f3n cuando se abra el registro.<\/p><\/div><\/div>\t\t\t\t<\/div>\n\t\t\t\t<\/div>\n\t\t\t\t<div class=\"elementor-element elementor-element-84cfaeb elementor-position-top elementor-widget elementor-widget-image-box\" data-id=\"84cfaeb\" data-element_type=\"widget\" data-e-type=\"widget\" data-widget_type=\"image-box.default\">\n\t\t\t\t<div class=\"elementor-widget-container\">\n\t\t\t\t\t<div class=\"elementor-image-box-wrapper\"><figure class=\"elementor-image-box-img\"><img decoding=\"async\" width=\"300\" height=\"200\" src=\"https:\/\/lastark.org\/wp-content\/uploads\/2025\/07\/05_get_facil_small.jpg\" class=\"elementor-animation-wobble-horizontal attachment-full size-full wp-image-1258\" alt=\"\" \/><\/figure><div class=\"elementor-image-box-content\"><h3 class=\"elementor-image-box-title\">Convi\u00e9rtete en facilitador<\/h3><p class=\"elementor-image-box-description\">Para convertirse en facilitador, primero debe completar el programa \u201c\u00daltima Arca\u201d y llenar el formulario de facilitador.<\/p><\/div><\/div>\t\t\t\t<\/div>\n\t\t\t\t<\/div>\n\t\t\t\t<div class=\"elementor-element elementor-element-a0315e8 elementor-position-top elementor-widget elementor-widget-image-box\" data-id=\"a0315e8\" data-element_type=\"widget\" data-e-type=\"widget\" data-widget_type=\"image-box.default\">\n\t\t\t\t<div class=\"elementor-widget-container\">\n\t\t\t\t\t<div class=\"elementor-image-box-wrapper\"><figure class=\"elementor-image-box-img\"><a href=\"https:\/\/cmsmex.com\/\" tabindex=\"-1\"><img loading=\"lazy\" decoding=\"async\" width=\"300\" height=\"200\" src=\"https:\/\/lastark.org\/wp-content\/uploads\/2025\/06\/02_id_fam_small.jpg\" class=\"elementor-animation-wobble-horizontal attachment-full size-full wp-image-947\" alt=\"\" \/><\/a><\/figure><div class=\"elementor-image-box-content\"><h3 class=\"elementor-image-box-title\"><a href=\"https:\/\/cmsmex.com\/\">Inicie un ministerio familiar<\/a><\/h3><p class=\"elementor-image-box-description\">Para iniciar un ministerio familiar, necesitas tomar el curso de &quot;Ministerio Familiar&quot; en CMS. Para m\u00e1s informaci\u00f3n, haz clic aqu\u00ed.\n<\/p><\/div><\/div>\t\t\t\t<\/div>\n\t\t\t\t<\/div>\n\t\t\t\t<div class=\"elementor-element elementor-element-b3de46d elementor-position-top elementor-widget elementor-widget-image-box\" data-id=\"b3de46d\" data-element_type=\"widget\" data-e-type=\"widget\" data-widget_type=\"image-box.default\">\n\t\t\t\t<div class=\"elementor-widget-container\">\n\t\t\t\t\t<div class=\"elementor-image-box-wrapper\"><figure class=\"elementor-image-box-img\"><img loading=\"lazy\" decoding=\"async\" width=\"300\" height=\"200\" src=\"https:\/\/lastark.org\/wp-content\/uploads\/2025\/07\/05_get_events_small.jpg\" class=\"elementor-animation-wobble-horizontal attachment-full size-full wp-image-1268\" alt=\"\" \/><\/figure><div class=\"elementor-image-box-content\"><h3 class=\"elementor-image-box-title\">Eventos<\/h3><p class=\"elementor-image-box-description\">Curso de Ministerios de Familia: 21 de enero de 2026 Curso de Asesor\u00eda Misionera de Salud: 21 de enero de 2026<\/p><\/div><\/div>\t\t\t\t<\/div>\n\t\t\t\t<\/div>\n\t\t\t\t<\/div>\n\t\t<div class=\"elementor-element elementor-element-899c2e1 e-flex e-con-boxed e-con e-parent\" data-id=\"899c2e1\" data-element_type=\"container\" data-e-type=\"container\">\n\t\t\t\t\t<div class=\"e-con-inner\">\n\t\t\t\t<div class=\"elementor-element elementor-element-1d2f858 elementor-widget elementor-widget-video\" data-id=\"1d2f858\" data-element_type=\"widget\" data-e-type=\"widget\" data-settings=\"{&quot;youtube_url&quot;:&quot;https:\\\/\\\/youtu.be\\\/ycKte8kmSE8&quot;,&quot;loop&quot;:&quot;yes&quot;,&quot;video_type&quot;:&quot;youtube&quot;,&quot;controls&quot;:&quot;yes&quot;}\" data-widget_type=\"video.default\">\n\t\t\t\t<div class=\"elementor-widget-container\">\n\t\t\t\t\t\t\t<div class=\"elementor-wrapper elementor-open-inline\">\n\t\t\t<div class=\"elementor-video\"><\/div>\t\t<\/div>\n\t\t\t\t\t\t<\/div>\n\t\t\t\t<\/div>\n\t\t\t\t\t<\/div>\n\t\t\t\t<\/div>\n\t\t<div class=\"elementor-element elementor-element-b4e618c e-flex e-con-boxed e-con e-parent\" data-id=\"b4e618c\" data-element_type=\"container\" data-e-type=\"container\">\n\t\t\t\t\t<div class=\"e-con-inner\">\n\t\t\t\t<div class=\"elementor-element elementor-element-c70b107 elementor-align-center elementor-mobile-align-center elementor-widget elementor-widget-button\" data-id=\"c70b107\" data-element_type=\"widget\" data-e-type=\"widget\" data-widget_type=\"button.default\">\n\t\t\t\t<div class=\"elementor-widget-container\">\n\t\t\t\t\t\t\t\t\t<div class=\"elementor-button-wrapper\">\n\t\t\t\t\t<a class=\"elementor-button elementor-button-link elementor-size-md\" href=\"https:\/\/bit.ly\/LastArkInfo\">\n\t\t\t\t\t\t<span class=\"elementor-button-content-wrapper\">\n\t\t\t\t\t\t\t\t\t<span class=\"elementor-button-text\">Involucrarse<\/span>\n\t\t\t\t\t<\/span>\n\t\t\t\t\t<\/a>\n\t\t\t\t<\/div>\n\t\t\t\t\t\t\t\t<\/div>\n\t\t\t\t<\/div>\n\t\t\t\t\t<\/div>\n\t\t\t\t<\/div>\n\t\t\t\t<\/div>","protected":false},"excerpt":{"rendered":"<p>Mega Menu Us Us Identity A Family in God&#8217;s Image and Likeness Communion and Worship Nature True Education Harmony Physical Health Mental Health Socio-Family Health Spiritual Health Service Altruism Stewardship Income Generator Discipleship Get Involved Join the &#8220;Last Ark&#8221; Program Become a Facilitator Start a Family Ministry Events Donate Home Us Identity Harmony Service Get&hellip;<\/p>","protected":false},"author":1,"featured_media":0,"parent":0,"menu_order":0,"comment_status":"closed","ping_status":"closed","template":"","meta":{"footnotes":""},"class_list":["post-784","page","type-page","status-publish","hentry"],"_links":{"self":[{"href":"https:\/\/lastark.org\/es\/wp-json\/wp\/v2\/pages\/784","targetHints":{"allow":["GET"]}}],"collection":[{"href":"https:\/\/lastark.org\/es\/wp-json\/wp\/v2\/pages"}],"about":[{"href":"https:\/\/lastark.org\/es\/wp-json\/wp\/v2\/types\/page"}],"author":[{"embeddable":true,"href":"https:\/\/lastark.org\/es\/wp-json\/wp\/v2\/users\/1"}],"replies":[{"embeddable":true,"href":"https:\/\/lastark.org\/es\/wp-json\/wp\/v2\/comments?post=784"}],"version-history":[{"count":73,"href":"https:\/\/lastark.org\/es\/wp-json\/wp\/v2\/pages\/784\/revisions"}],"predecessor-version":[{"id":1579,"href":"https:\/\/lastark.org\/es\/wp-json\/wp\/v2\/pages\/784\/revisions\/1579"}],"wp:attachment":[{"href":"https:\/\/lastark.org\/es\/wp-json\/wp\/v2\/media?parent=784"}],"curies":[{"name":"wp","href":"https:\/\/api.w.org\/{rel}","templated":true}]}}