{"id":580,"date":"2025-06-12T12:41:17","date_gmt":"2025-06-12T12:41:17","guid":{"rendered":"https:\/\/lastark.org\/?page_id=580"},"modified":"2025-08-05T22:35:30","modified_gmt":"2025-08-05T22:35:30","slug":"us","status":"publish","type":"page","link":"https:\/\/lastark.org\/pt\/us\/","title":{"rendered":"N\u00f3s"},"content":{"rendered":"<div data-elementor-type=\"wp-page\" data-elementor-id=\"580\" class=\"elementor elementor-580\">\n\t\t\t\t<div class=\"elementor-element elementor-element-54a7dab e-flex e-con-boxed e-con e-parent\" data-id=\"54a7dab\" data-element_type=\"container\" data-e-type=\"container\">\n\t\t\t\t\t<div class=\"e-con-inner\">\n\t\t\t\t<div class=\"elementor-element elementor-element-260f0e0 elementor-widget elementor-widget-html\" data-id=\"260f0e0\" data-element_type=\"widget\" data-e-type=\"widget\" data-widget_type=\"html.default\">\n\t\t\t\t<div class=\"elementor-widget-container\">\n\t\t\t\t\t<!DOCTYPE html>\r\n<html lang=\"en\">\r\n<head>\r\n  <meta charset=\"UTF-8\">\r\n  <meta name=\"viewport\" content=\"width=device-width, initial-scale=1.0\">\r\n  <title>Mega Menu<\/title>\r\n  <style>\r\n    body {\r\n      margin: 0;\r\n      font-family: 'Gothic A1', sans-serif;\r\n      color: #02193E;\r\n      background-color: #fff;\r\n    }\r\n    header {\r\n      display: flex;\r\n      justify-content: space-between;\r\n      align-items: center;\r\n      padding: 10px 20px;\r\n      background: #FFFFFF;\r\n      position: relative;\r\n      height: 70px;\r\n      z-index: 1000;\r\n    }\r\n    .logo img {\r\n      height: 50px;\r\n      cursor: pointer;\r\n    }\r\n    nav {\r\n      display: flex;\r\n      gap: 20px;\r\n      align-items: center;\r\n      justify-content: center;\r\n      flex: 1;\r\n    }\r\n    nav a {\r\n      text-decoration: none;\r\n      color: #02193E;\r\n      font-weight: bold;\r\n      position: relative;\r\n    }\r\n    .donate-button {\r\n      background-color: #3894FF;\r\n      color: white;\r\n      border: none;\r\n      padding: 10px 20px;\r\n      border-radius: 25px;\r\n      cursor: pointer;\r\n      transition: background 0.3s;\r\n    }\r\n    .donate-button:hover {\r\n      background-color: #02193E;\r\n      color: white;\r\n    }\r\n    .submenu {\r\n      display: none;\r\n      position: fixed;\r\n      top: 70px;\r\n      left: 0;\r\n      width: 100%;\r\n      background-color: #02193E;\r\n      padding: 20px;\r\n      box-sizing: border-box;\r\n      flex-wrap: wrap;\r\n      justify-content: center;\r\n      gap: 20px;\r\n      transform: translateY(20px);\r\n      transition: opacity 0.4s ease, transform 0.4s ease;\r\n      z-index: 999;\r\n      flex-direction: row;\r\n    }\r\n    .submenu-card {\r\n      background: white;\r\n      border-radius: 15px;\r\n      padding: 10px;\r\n      width: 200px;\r\n      text-align: center;\r\n      color: #02193E;\r\n    }\r\n    .submenu-card img {\r\n      width: 100%;\r\n      border-radius: 10px;\r\n      margin-top: 10px;\r\n    }\r\n    .submenu-card a {\r\n      text-decoration: none;\r\n      color: #02193E;\r\n      display: block;\r\n    }\r\n    .menu-item {\r\n      position: relative;\r\n    }\r\n    .menu-item.active .submenu {\r\n      display: flex;\r\n      opacity: 1;\r\n      transform: translateY(0);\r\n    }\r\n    nav:hover .submenu {\r\n      display: none;\r\n    }\r\n    nav .menu-item:hover ~ .menu-item .submenu {\r\n      display: none;\r\n    }\r\n    .hamburger {\r\n      display: none;\r\n      flex-direction: column;\r\n      gap: 5px;\r\n      cursor: pointer;\r\n    }\r\n    .hamburger div {\r\n      width: 25px;\r\n      height: 3px;\r\n      background-color: #02193E;\r\n    }\r\n    .mobile-menu {\r\n      display: none;\r\n      flex-direction: column;\r\n      background-color: #3894FF;\r\n      position: absolute;\r\n      top: 70px;\r\n      left: 0;\r\n      width: 100%;\r\n      z-index: 999;\r\n      padding: 20px;\r\n    }\r\n    .mobile-menu a {\r\n      color: #02193E;\r\n      padding: 10px 0;\r\n      text-decoration: none;\r\n    }\r\n    .mobile-menu .close {\r\n      margin-top: 20px;\r\n      color: #02193E;\r\n      cursor: pointer;\r\n    }\r\n    @media (max-width: 768px) {\r\n      nav {\r\n        display: none;\r\n      }\r\n      .hamburger {\r\n        display: flex;\r\n      }\r\n    }\r\n  <\/style>\r\n<\/head>\r\n<body>\r\n  <header>\r\n    <div class=\"logo\">\r\n      <a href=\"\/pt\/\"><img decoding=\"async\" src=\"https:\/\/lastark.org\/wp-content\/uploads\/2025\/06\/Logo_Last-Ark_color_3.png\" alt=\"Logo\"><\/a>\r\n    <\/div>\r\n    <nav id=\"mainNav\">\r\n      <a href=\"\/pt\/\"> <\/a>\r\n      <div class=\"menu-item\">\r\n        <a href=\"https:\/\/lastark.org\/pt\/Us\/\" onmouseenter=\"showMenu(this)\">N\u00f3s<\/a>\r\n        <div class=\"submenu\">\r\n          <div class=\"submenu-card\">\r\n            <a href=\"\/pt\/us\/\"><h4>N\u00f3s<\/h4><img decoding=\"async\" src=\"https:\/\/lastark.org\/wp-content\/uploads\/2025\/06\/backgound_ark_wit-dots_rezised-2.png\" alt=\"Us\"><\/a>\r\n          <\/div>\r\n        <\/div>\r\n      <\/div>\r\n      <div class=\"menu-item\">\r\n        <a href=\"https:\/\/lastark.org\/pt\/identity\/\" onmouseenter=\"showMenu(this)\">Identidade<\/a>\r\n        <div class=\"submenu\">\r\n          <div class=\"submenu-card\"><a href=\"https:\/\/lastark.org\/pt\/identity\/\"><h4>Uma fam\u00edlia \u00e0 imagem e semelhan\u00e7a de Deus<\/h4><img decoding=\"async\" src=\"https:\/\/lastark.org\/wp-content\/uploads\/2025\/06\/02_id_fam_small.jpg\"><\/a><\/div>\r\n          <div class=\"submenu-card\"><a href=\"https:\/\/lastark.org\/pt\/identity\/\"><h4>Comunh\u00e3o e Adora\u00e7\u00e3o<\/h4><img decoding=\"async\" src=\"https:\/\/lastark.org\/wp-content\/uploads\/2025\/06\/04_serv_02_small.jpg\"><\/a><\/div>\r\n          <div class=\"submenu-card\"><a href=\"https:\/\/lastark.org\/pt\/identity\/\"><h4>Natureza<\/h4><img decoding=\"async\" src=\"https:\/\/lastark.org\/wp-content\/uploads\/2025\/06\/03_harm_02_small.jpg\"><\/a><\/div>\r\n          <div class=\"submenu-card\"><a href=\"https:\/\/lastark.org\/pt\/identity\/\"><h4>Educa\u00e7\u00e3o Verdadeira<\/h4><img decoding=\"async\" src=\"https:\/\/lastark.org\/wp-content\/uploads\/2025\/06\/01_id_3_true-3.jpg\"><\/a><\/div>\r\n        <\/div>\r\n      <\/div>\r\n      <div class=\"menu-item\">\r\n        <a href=\"https:\/\/lastark.org\/pt\/harmony\/\" onmouseenter=\"showMenu(this)\">Harmonia<\/a>\r\n        \r\n        <div class=\"submenu\">\r\n          <div class=\"submenu-card\"><a href=\"https:\/\/lastark.org\/pt\/harmony\/\"><h4>Sa\u00fade f\u00edsica<\/h4><img decoding=\"async\" src=\"https:\/\/lastark.org\/wp-content\/uploads\/2025\/06\/03_harm_01_small-2.jpg\"><\/a><\/div>\r\n          <div class=\"submenu-card\"><a href=\"https:\/\/lastark.org\/pt\/harmony\/\"><h4>Sa\u00fade mental<\/h4><img decoding=\"async\" src=\"https:\/\/lastark.org\/wp-content\/uploads\/2025\/06\/03_harm_03_small.jpg\"><\/a><\/div>\r\n          <div class=\"submenu-card\"><a href=\"https:\/\/lastark.org\/pt\/harmony\/\"><h4>Sa\u00fade sociofamiliar<\/h4><img decoding=\"async\" src=\"https:\/\/lastark.org\/wp-content\/uploads\/2025\/06\/02_har_3_fam_small-2.jpg\"><\/a><\/div>\r\n          <div class=\"submenu-card\"><a href=\"https:\/\/lastark.org\/pt\/harmony\/\"><h4>Sa\u00fade Espiritual<\/h4><img decoding=\"async\" src=\"https:\/\/lastark.org\/wp-content\/uploads\/2025\/06\/04_serv_02_small.jpg\"><\/a><\/div>\r\n        <\/div>\r\n      <\/div>\r\n      <div class=\"menu-item\">\r\n        <a href=\"https:\/\/lastark.org\/pt\/service\/\" onmouseenter=\"showMenu(this)\">Servi\u00e7o<\/a>\r\n        <div class=\"submenu\">\r\n          <div class=\"submenu-card\"><a href=\"https:\/\/lastark.org\/pt\/service\/\"><h4>Altru\u00edsmo<\/h4><img decoding=\"async\" src=\"https:\/\/lastark.org\/wp-content\/uploads\/2025\/06\/03_serv_1_small.jpg\"><\/a><\/div>\r\n          <div class=\"submenu-card\"><a href=\"https:\/\/lastark.org\/pt\/service\/\"><h4>Gest\u00e3o respons\u00e1vel<\/h4><img decoding=\"async\" src=\"https:\/\/lastark.org\/wp-content\/uploads\/2025\/06\/03_serv_3_admin_small-1.jpg\"><\/a><\/div>\r\n          <div class=\"submenu-card\"><a href=\"https:\/\/lastark.org\/pt\/service\/\"><h4>Gerador de Renda<\/h4><img decoding=\"async\" src=\"https:\/\/lastark.org\/wp-content\/uploads\/2025\/06\/03_serv_4_ingre_small-2.jpg\"><\/a><\/div>\r\n          <div class=\"submenu-card\"><a href=\"https:\/\/lastark.org\/pt\/service\/\"><h4>Discipulado<\/h4><img decoding=\"async\" src=\"https:\/\/lastark.org\/wp-content\/uploads\/2025\/06\/03_serv_2_disc_small-3.jpg\"><\/a><\/div>\r\n        <\/div>\r\n      <\/div>\r\n      <div class=\"menu-item\">\r\n        <a href=\"https:\/\/lastark.org\/pt\/getinvolved\/\" onmouseenter=\"showMenu(this)\">Envolva-se<\/a>\r\n        <div class=\"submenu\">\r\n          <div class=\"submenu-card\"><a href=\"https:\/\/lastark.org\/pt\/getinvolved\/\"><h4>Participe do programa &quot;\u00daltima Arca&quot;<\/h4><img decoding=\"async\" src=\"https:\/\/lastark.org\/wp-content\/uploads\/2025\/07\/login.jpg\"><\/a><\/div>\r\n          <div class=\"submenu-card\"><a href=\"https:\/\/lastark.org\/pt\/getinvolved\/\"><h4>Torne-se um Facilitador<\/h4><img decoding=\"async\" src=\"https:\/\/lastark.org\/wp-content\/uploads\/2025\/07\/05_get_facil_small.jpg\"><\/a><\/div>\r\n          <div class=\"submenu-card\"><a href=\"https:\/\/lastark.org\/pt\/getinvolved\/\"><h4>Comece um Minist\u00e9rio Familiar<\/h4><img decoding=\"async\" src=\"https:\/\/lastark.org\/wp-content\/uploads\/2025\/06\/02_id_fam_small.jpg\"><\/a><\/div>\r\n          <div class=\"submenu-card\"><a href=\"https:\/\/lastark.org\/pt\/getinvolved\/\"><h4>Eventos<\/h4><img decoding=\"async\" src=\"https:\/\/lastark.org\/wp-content\/uploads\/2025\/07\/05_get_events_small.jpg\"><\/a><\/div>\r\n        <\/div>\r\n      <\/div>\r\n      <a href=\"https:\/\/www.paypal.com\/donate\/?hosted_button_id=S8U68TG7UNKR6\" class=\"donate-button\">Doar<\/a>\r\n    <\/nav>\r\n    <div class=\"hamburger\" onclick=\"toggleMenu()\">\r\n      <div><\/div>\r\n      <div><\/div>\r\n      <div><\/div>\r\n    <\/div>\r\n  <\/header>\r\n  <div class=\"mobile-menu\" id=\"mobileMenu\">\r\n    <a href=\"\/pt\/\">Lar<\/a>\r\n    <a href=\"\/pt\/us\/\">N\u00f3s<\/a>\r\n    <a href=\"\/pt\/identity\/\">Identidade<\/a>\r\n    <a href=\"\/pt\/harmony\/\">Harmonia<\/a>\r\n    <a href=\"\/pt\/service\/\">Servi\u00e7o<\/a>\r\n    <a href=\"\/pt\/getinvolved\/\">Envolva-se<\/a>\r\n    <a href=\"https:\/\/www.paypal.com\/donate\/?hosted_button_id=S8U68TG7UNKR6\">Doar<\/a>\r\n    <div class=\"close\" onclick=\"toggleMenu()\">X<\/div>\r\n  <\/div>\r\n  <script>\r\n    function toggleMenu() {\r\n      const menu = document.getElementById('mobileMenu');\r\n      menu.style.display = (menu.style.display === 'flex') ? 'none' : 'flex';\r\n    }\r\n\r\n    let activeMenu = null;\r\n    const nav = document.getElementById('mainNav');\r\n    const menuItems = nav.querySelectorAll('.menu-item');\r\n\r\n    function showMenu(link) {\r\n      menuItems.forEach(item => item.classList.remove('active'));\r\n      const item = link.parentElement;\r\n      item.classList.add('active');\r\n    }\r\n\r\n    nav.addEventListener('mouseleave', () => {\r\n      menuItems.forEach(item => item.classList.remove('active'));\r\n    });\r\n  <\/script>\r\n<\/body>\r\n<\/html>\r\n\t\t\t\t<\/div>\n\t\t\t\t<\/div>\n\t\t\t\t\t<\/div>\n\t\t\t\t<\/div>\n\t\t<div class=\"elementor-element elementor-element-9e39a9b e-flex e-con-boxed e-con e-parent\" data-id=\"9e39a9b\" data-element_type=\"container\" data-e-type=\"container\" data-settings=\"{&quot;background_background&quot;:&quot;classic&quot;,&quot;shape_divider_bottom&quot;:&quot;mountains&quot;}\">\n\t\t\t\t\t<div class=\"e-con-inner\">\n\t\t\t\t<div class=\"elementor-shape elementor-shape-bottom\" aria-hidden=\"true\" data-negative=\"false\">\n\t\t\t<svg xmlns=\"http:\/\/www.w3.org\/2000\/svg\" viewbox=\"0 0 1000 100\" preserveaspectratio=\"none\">\n\t<path class=\"elementor-shape-fill\" opacity=\"0.33\" d=\"M473,67.3c-203.9,88.3-263.1-34-320.3,0C66,119.1,0,59.7,0,59.7V0h1000v59.7 c0,0-62.1,26.1-94.9,29.3c-32.8,3.3-62.8-12.3-75.8-22.1C806,49.6,745.3,8.7,694.9,4.7S492.4,59,473,67.3z\"\/>\n\t<path class=\"elementor-shape-fill\" opacity=\"0.66\" d=\"M734,67.3c-45.5,0-77.2-23.2-129.1-39.1c-28.6-8.7-150.3-10.1-254,39.1 s-91.7-34.4-149.2,0C115.7,118.3,0,39.8,0,39.8V0h1000v36.5c0,0-28.2-18.5-92.1-18.5C810.2,18.1,775.7,67.3,734,67.3z\"\/>\n\t<path class=\"elementor-shape-fill\" d=\"M766.1,28.9c-200-57.5-266,65.5-395.1,19.5C242,1.8,242,5.4,184.8,20.6C128,35.8,132.3,44.9,89.9,52.5C28.6,63.7,0,0,0,0 h1000c0,0-9.9,40.9-83.6,48.1S829.6,47,766.1,28.9z\"\/>\n<\/svg>\t\t<\/div>\n\t\t<div class=\"elementor-element elementor-element-e36f799 e-con-full e-flex e-con e-child\" data-id=\"e36f799\" data-element_type=\"container\" data-e-type=\"container\">\n\t\t\t\t<div class=\"elementor-element elementor-element-d0ef8f7 elementor-widget elementor-widget-image\" data-id=\"d0ef8f7\" data-element_type=\"widget\" data-e-type=\"widget\" data-widget_type=\"image.default\">\n\t\t\t\t<div class=\"elementor-widget-container\">\n\t\t\t\t\t\t\t\t\t\t\t\t\t\t\t<img fetchpriority=\"high\" decoding=\"async\" width=\"300\" height=\"167\" src=\"https:\/\/lastark.org\/wp-content\/uploads\/2025\/06\/Logo_Last-Ark_color_3-300x167.png\" class=\"attachment-medium size-medium wp-image-853\" alt=\"\" srcset=\"https:\/\/lastark.org\/wp-content\/uploads\/2025\/06\/Logo_Last-Ark_color_3-300x167.png 300w, https:\/\/lastark.org\/wp-content\/uploads\/2025\/06\/Logo_Last-Ark_color_3-1024x571.png 1024w, https:\/\/lastark.org\/wp-content\/uploads\/2025\/06\/Logo_Last-Ark_color_3-768x428.png 768w, https:\/\/lastark.org\/wp-content\/uploads\/2025\/06\/Logo_Last-Ark_color_3.png 1339w\" sizes=\"(max-width: 300px) 100vw, 300px\" \/>\t\t\t\t\t\t\t\t\t\t\t\t\t\t\t<\/div>\n\t\t\t\t<\/div>\n\t\t\t\t<div class=\"elementor-element elementor-element-34d265b elementor-widget elementor-widget-heading\" data-id=\"34d265b\" data-element_type=\"widget\" data-e-type=\"widget\" data-widget_type=\"heading.default\">\n\t\t\t\t<div class=\"elementor-widget-container\">\n\t\t\t\t\t<h2 class=\"elementor-heading-title elementor-size-default\">Sobre n\u00f3s<\/h2>\t\t\t\t<\/div>\n\t\t\t\t<\/div>\n\t\t<div class=\"elementor-element elementor-element-6d441e2 e-grid e-con-full e-con e-child\" data-id=\"6d441e2\" data-element_type=\"container\" data-e-type=\"container\">\n\t\t\t\t<div class=\"elementor-element elementor-element-9bc98a9 elementor-widget elementor-widget-text-editor\" data-id=\"9bc98a9\" data-element_type=\"widget\" data-e-type=\"widget\" data-widget_type=\"text-editor.default\">\n\t\t\t\t<div class=\"elementor-widget-container\">\n\t\t\t\t\t\t\t\t\t<p>LASt Ark \u00e9 um programa de Restaura\u00e7\u00e3o Familiar desenvolvido pelo CMS (Centro Mission\u00e1rio de Sa\u00fade) que atua em fam\u00edlias ao redor do mundo desde 1995. Seu objetivo \u00e9 harmonizar a fam\u00edlia com o plano divino. \u00c0 medida que essa harmonia progride, a restaura\u00e7\u00e3o n\u00e3o \u00e9 retardada. Nessa restaura\u00e7\u00e3o, h\u00e1 paz, sa\u00fade, prosperidade, felicidade e muito amor. As seguintes fases, baseadas na B\u00edblia, nos conduzem a essa identidade, harmonia com as leis da natureza, servi\u00e7o, empreendedorismo e discipulado.<\/p>\t\t\t\t\t\t\t\t<\/div>\n\t\t\t\t<\/div>\n\t\t\t\t<div class=\"elementor-element elementor-element-823987e elementor-widget elementor-widget-video\" data-id=\"823987e\" data-element_type=\"widget\" data-e-type=\"widget\" data-settings=\"{&quot;video_type&quot;:&quot;hosted&quot;,&quot;controls&quot;:&quot;yes&quot;}\" data-widget_type=\"video.default\">\n\t\t\t\t<div class=\"elementor-widget-container\">\n\t\t\t\t\t\t\t<div class=\"e-hosted-video elementor-wrapper elementor-open-inline\">\n\t\t\t\t\t<video class=\"elementor-video\" src=\"https:\/\/lastark.org\/wp-content\/uploads\/2025\/08\/arca-vid-mp4.mp4\" controls=\"\" preload=\"metadata\" controlslist=\"nodownload\"><\/video>\n\t\t\t\t<\/div>\n\t\t\t\t\t\t<\/div>\n\t\t\t\t<\/div>\n\t\t\t\t<div class=\"elementor-element elementor-element-4bfe0a5 elementor-align-center elementor-mobile-align-center elementor-widget elementor-widget-button\" data-id=\"4bfe0a5\" data-element_type=\"widget\" data-e-type=\"widget\" data-widget_type=\"button.default\">\n\t\t\t\t<div class=\"elementor-widget-container\">\n\t\t\t\t\t\t\t\t\t<div class=\"elementor-button-wrapper\">\n\t\t\t\t\t<a class=\"elementor-button elementor-button-link elementor-size-md\" href=\"https:\/\/bit.ly\/LastArkInfo\">\n\t\t\t\t\t\t<span class=\"elementor-button-content-wrapper\">\n\t\t\t\t\t\t\t\t\t<span class=\"elementor-button-text\">Envolva-se<\/span>\n\t\t\t\t\t<\/span>\n\t\t\t\t\t<\/a>\n\t\t\t\t<\/div>\n\t\t\t\t\t\t\t\t<\/div>\n\t\t\t\t<\/div>\n\t\t\t\t<\/div>\n\t\t\t\t<\/div>\n\t\t\t\t\t<\/div>\n\t\t\t\t<\/div>\n\t\t\t\t<\/div>","protected":false},"excerpt":{"rendered":"<p>Mega Menu Us Us Identity A Family in God&#8217;s Image and Likeness Communion and Worship Nature True Education Harmony Physical Health Mental Health Socio-Family Health Spiritual Health Service Altruism Stewardship Income Generator Discipleship Get Involved Join the &#8220;Last Ark&#8221; Program Become a Facilitator Start a Family Ministry Events Donate Home Us Identity Harmony Service Get&hellip;<\/p>","protected":false},"author":1,"featured_media":0,"parent":0,"menu_order":0,"comment_status":"closed","ping_status":"closed","template":"elementor_canvas","meta":{"footnotes":""},"class_list":["post-580","page","type-page","status-publish","hentry"],"_links":{"self":[{"href":"https:\/\/lastark.org\/pt\/wp-json\/wp\/v2\/pages\/580","targetHints":{"allow":["GET"]}}],"collection":[{"href":"https:\/\/lastark.org\/pt\/wp-json\/wp\/v2\/pages"}],"about":[{"href":"https:\/\/lastark.org\/pt\/wp-json\/wp\/v2\/types\/page"}],"author":[{"embeddable":true,"href":"https:\/\/lastark.org\/pt\/wp-json\/wp\/v2\/users\/1"}],"replies":[{"embeddable":true,"href":"https:\/\/lastark.org\/pt\/wp-json\/wp\/v2\/comments?post=580"}],"version-history":[{"count":100,"href":"https:\/\/lastark.org\/pt\/wp-json\/wp\/v2\/pages\/580\/revisions"}],"predecessor-version":[{"id":1584,"href":"https:\/\/lastark.org\/pt\/wp-json\/wp\/v2\/pages\/580\/revisions\/1584"}],"wp:attachment":[{"href":"https:\/\/lastark.org\/pt\/wp-json\/wp\/v2\/media?parent=580"}],"curies":[{"name":"wp","href":"https:\/\/api.w.org\/{rel}","templated":true}]}}